{"id":877,"date":"2022-10-18T17:26:30","date_gmt":"2022-10-18T17:26:30","guid":{"rendered":"http:\/\/blog.uees.edu.sv\/?page_id=877"},"modified":"2023-06-06T19:31:19","modified_gmt":"2023-06-06T19:31:19","slug":"conferencias-de-avance-de-investigacion-2022-centro-de-investigacion-salud-y-sociedad","status":"publish","type":"page","link":"http:\/\/blog.uees.edu.sv\/index.php\/conferencias-de-avance-de-investigacion-2022-centro-de-investigacion-salud-y-sociedad\/","title":{"rendered":"CONFERENCIAS DE AVANCE DE INVESTIGACI\u00d3N &#8211; CENTRO DE INVESTIGACI\u00d3N SALUD Y SOCIEDAD"},"content":{"rendered":"<div id=\"pl-877\"  class=\"panel-layout\" ><div id=\"pg-877-0\"  class=\"panel-grid panel-no-style\" ><div id=\"pgc-877-0-0\"  class=\"panel-grid-cell\" ><div id=\"panel-877-0-0-0\" class=\"so-panel widget widget_sow-editor panel-first-child panel-last-child\" data-index=\"0\" ><div class=\"so-widget-sow-editor so-widget-sow-editor-base\"><h3 class=\"widget-title\">Conferencia: De la ex\u00e9gesis a la pasificaci\u00f3n: relectura de la \u00abjustificaci\u00f3n\u00bb paulina desde un contexto de violencia <\/h3>\n<div class=\"siteorigin-widget-tinymce textwidget\">\n\t<p><iframe title=\"YouTube video player\" src=\"https:\/\/www.youtube.com\/embed\/hfcGz5OUJcU\" width=\"830\" height=\"515\" frameborder=\"0\" allowfullscreen=\"allowfullscreen\"><\/iframe><\/p>\n<p style=\"text-align: center;\"><strong>Ponente:<\/strong> Ponente: Miguel Antonio Reyes, Msc.<\/p>\n<\/div>\n<\/div><\/div><\/div><\/div><div id=\"pg-877-1\"  class=\"panel-grid panel-no-style\" ><div id=\"pgc-877-1-0\"  class=\"panel-grid-cell\" ><div id=\"panel-877-1-0-0\" class=\"so-panel widget widget_sow-editor panel-first-child panel-last-child\" data-index=\"1\" ><div class=\"so-widget-sow-editor so-widget-sow-editor-base\"><h3 class=\"widget-title\">Conferencia: Aporte social de la Educaci\u00f3n integral cristiana evang\u00e9lica en El Salvador <\/h3>\n<div class=\"siteorigin-widget-tinymce textwidget\">\n\t<p><iframe title=\"YouTube video player\" src=\"https:\/\/www.youtube.com\/embed\/C10fFZozCAU\" width=\"560\" height=\"315\" frameborder=\"0\" allowfullscreen=\"allowfullscreen\"><\/iframe><\/p>\n<p style=\"text-align: center;\"><strong>Ponente: <\/strong>Ponente: Salvador Augusto L\u00f3pez, Msc.<\/p>\n<\/div>\n<\/div><\/div><\/div><div id=\"pgc-877-1-1\"  class=\"panel-grid-cell\" ><div id=\"panel-877-1-1-0\" class=\"so-panel widget widget_sow-editor panel-first-child panel-last-child\" data-index=\"2\" ><div class=\"so-widget-sow-editor so-widget-sow-editor-base\"><h3 class=\"widget-title\">Conferencia: Aporte de la Internacionalizaci\u00f3n a la calidad educativa y el curr\u00edculo en las Instituciones de Educaci\u00f3n Superior <\/h3>\n<div class=\"siteorigin-widget-tinymce textwidget\">\n\t<p><iframe title=\"YouTube video player\" src=\"https:\/\/www.youtube.com\/embed\/VpVpmYTEN_o\" width=\"560\" height=\"315\" frameborder=\"0\" allowfullscreen=\"allowfullscreen\"><\/iframe><\/p>\n<p style=\"text-align: center;\"><strong>Ponente: <\/strong>Patricia Avil\u00e9s de Mor\u00e1n, Msc.<\/p>\n<\/div>\n<\/div><\/div><\/div><\/div><\/div>","protected":false},"excerpt":{"rendered":"<p>Ponente: Ponente: Miguel Antonio Reyes, Msc. Ponente: Ponente: Salvador Augusto L\u00f3pez, Msc. Ponente: Patricia Avil\u00e9s de Mor\u00e1n, Msc.<\/p>\n","protected":false},"author":1,"featured_media":0,"parent":0,"menu_order":0,"comment_status":"open","ping_status":"closed","template":"","meta":[],"yoast_head":"<!-- This site is optimized with the Yoast SEO plugin v15.6.2 - https:\/\/yoast.com\/wordpress\/plugins\/seo\/ -->\n<title>CONFERENCIAS DE AVANCE DE INVESTIGACI\u00d3N - CENTRO DE INVESTIGACI\u00d3N SALUD Y SOCIEDAD - Blog UEES- Poster Cient\u00edfico<\/title>\n<meta name=\"robots\" content=\"index, follow, max-snippet:-1, max-image-preview:large, max-video-preview:-1\" \/>\n<link rel=\"canonical\" href=\"http:\/\/blog.uees.edu.sv\/index.php\/conferencias-de-avance-de-investigacion-2022-centro-de-investigacion-salud-y-sociedad\/\" \/>\n<meta property=\"og:locale\" content=\"es_ES\" \/>\n<meta property=\"og:type\" content=\"article\" \/>\n<meta property=\"og:title\" content=\"CONFERENCIAS DE AVANCE DE INVESTIGACI\u00d3N - CENTRO DE INVESTIGACI\u00d3N SALUD Y SOCIEDAD - Blog UEES- Poster Cient\u00edfico\" \/>\n<meta property=\"og:description\" content=\"Ponente: Ponente: Miguel Antonio Reyes, Msc. Ponente: Ponente: Salvador Augusto L\u00f3pez, Msc. Ponente: Patricia Avil\u00e9s de Mor\u00e1n, Msc.\" \/>\n<meta property=\"og:url\" content=\"http:\/\/blog.uees.edu.sv\/index.php\/conferencias-de-avance-de-investigacion-2022-centro-de-investigacion-salud-y-sociedad\/\" \/>\n<meta property=\"og:site_name\" content=\"Blog UEES- Poster Cient\u00edfico\" \/>\n<meta property=\"article:modified_time\" content=\"2023-06-06T19:31:19+00:00\" \/>\n<meta name=\"twitter:card\" content=\"summary_large_image\" \/>\n<meta name=\"twitter:label1\" content=\"Tiempo de lectura\">\n\t<meta name=\"twitter:data1\" content=\"1 minuto\">\n<script type=\"application\/ld+json\" class=\"yoast-schema-graph\">{\"@context\":\"https:\/\/schema.org\",\"@graph\":[{\"@type\":\"WebSite\",\"@id\":\"http:\/\/blog.uees.edu.sv\/#website\",\"url\":\"http:\/\/blog.uees.edu.sv\/\",\"name\":\"Blog UEES- Poster Cient\\u00edfico\",\"description\":\"\",\"potentialAction\":[{\"@type\":\"SearchAction\",\"target\":\"http:\/\/blog.uees.edu.sv\/?s={search_term_string}\",\"query-input\":\"required name=search_term_string\"}],\"inLanguage\":\"es\"},{\"@type\":\"WebPage\",\"@id\":\"http:\/\/blog.uees.edu.sv\/index.php\/conferencias-de-avance-de-investigacion-2022-centro-de-investigacion-salud-y-sociedad\/#webpage\",\"url\":\"http:\/\/blog.uees.edu.sv\/index.php\/conferencias-de-avance-de-investigacion-2022-centro-de-investigacion-salud-y-sociedad\/\",\"name\":\"CONFERENCIAS DE AVANCE DE INVESTIGACI\\u00d3N - CENTRO DE INVESTIGACI\\u00d3N SALUD Y SOCIEDAD - Blog UEES- Poster Cient\\u00edfico\",\"isPartOf\":{\"@id\":\"http:\/\/blog.uees.edu.sv\/#website\"},\"datePublished\":\"2022-10-18T17:26:30+00:00\",\"dateModified\":\"2023-06-06T19:31:19+00:00\",\"inLanguage\":\"es\",\"potentialAction\":[{\"@type\":\"ReadAction\",\"target\":[\"http:\/\/blog.uees.edu.sv\/index.php\/conferencias-de-avance-de-investigacion-2022-centro-de-investigacion-salud-y-sociedad\/\"]}]}]}<\/script>\n<!-- \/ Yoast SEO plugin. -->","_links":{"self":[{"href":"http:\/\/blog.uees.edu.sv\/index.php\/wp-json\/wp\/v2\/pages\/877"}],"collection":[{"href":"http:\/\/blog.uees.edu.sv\/index.php\/wp-json\/wp\/v2\/pages"}],"about":[{"href":"http:\/\/blog.uees.edu.sv\/index.php\/wp-json\/wp\/v2\/types\/page"}],"author":[{"embeddable":true,"href":"http:\/\/blog.uees.edu.sv\/index.php\/wp-json\/wp\/v2\/users\/1"}],"replies":[{"embeddable":true,"href":"http:\/\/blog.uees.edu.sv\/index.php\/wp-json\/wp\/v2\/comments?post=877"}],"version-history":[{"count":14,"href":"http:\/\/blog.uees.edu.sv\/index.php\/wp-json\/wp\/v2\/pages\/877\/revisions"}],"predecessor-version":[{"id":994,"href":"http:\/\/blog.uees.edu.sv\/index.php\/wp-json\/wp\/v2\/pages\/877\/revisions\/994"}],"wp:attachment":[{"href":"http:\/\/blog.uees.edu.sv\/index.php\/wp-json\/wp\/v2\/media?parent=877"}],"curies":[{"name":"wp","href":"https:\/\/api.w.org\/{rel}","templated":true}]}}