{"id":1037,"date":"2023-06-23T17:46:09","date_gmt":"2023-06-23T17:46:09","guid":{"rendered":"http:\/\/blog.uees.edu.sv\/?page_id=1037"},"modified":"2024-06-26T19:36:21","modified_gmt":"2024-06-26T19:36:21","slug":"poster-cientifico-2023","status":"publish","type":"page","link":"http:\/\/blog.uees.edu.sv\/","title":{"rendered":"P\u00d3STER CIENTIFICO 2024"},"content":{"rendered":"<div id=\"pl-1037\"  class=\"panel-layout\" ><div id=\"pg-1037-0\"  class=\"panel-grid panel-no-style\" ><div id=\"pgc-1037-0-0\"  class=\"panel-grid-cell\" ><div id=\"panel-1037-0-0-0\" class=\"so-panel widget widget_sow-editor panel-first-child panel-last-child\" data-index=\"0\" ><div class=\"so-widget-sow-editor so-widget-sow-editor-base\"><h3 class=\"widget-title\">Nivel de satisfacci\u00f3n del paciente de pr\u00f3tesis completa rehabilitado con tres tipos de bases de transferencia<\/h3>\n<div class=\"siteorigin-widget-tinymce textwidget\">\n\t<p><iframe src=\"\/\/www.youtube.com\/embed\/tBVYbjscJUk\" width=\"830\" height=\"515\" frameborder=\"0\" allowfullscreen=\"allowfullscreen\"><\/iframe><\/p>\n<p style=\"text-align: center;\"><strong>Ponente:<\/strong> Ponentes: Dra. Brenda Nathaly Alfaro Ortiz, Dra. Carmela Donis Romero de Cea<\/p>\n<\/div>\n<\/div><\/div><\/div><\/div><div id=\"pg-1037-1\"  class=\"panel-grid panel-no-style\" ><div id=\"pgc-1037-1-0\"  class=\"panel-grid-cell\" ><div id=\"panel-1037-1-0-0\" class=\"so-panel widget widget_sow-editor panel-first-child panel-last-child\" data-index=\"1\" ><div class=\"so-widget-sow-editor so-widget-sow-editor-base\"><h3 class=\"widget-title\">S\u00edntomas de depresi\u00f3n, ansiedad y estr\u00e9s en una muestra de estudiantes universitarios de nuevo ingreso<\/h3>\n<div class=\"siteorigin-widget-tinymce textwidget\">\n\t<p><iframe title=\"YouTube video player\" src=\"https:\/\/www.youtube.com\/embed\/bq4h7FNlebI\" width=\"560\" height=\"315\" frameborder=\"0\" allowfullscreen=\"allowfullscreen\"><\/iframe><\/p>\n<p style=\"text-align: center;\"><strong>Ponente: <\/strong>Lic. Ren\u00e9 Chac\u00f3n Andrade<\/p>\n<\/div>\n<\/div><\/div><\/div><div id=\"pgc-1037-1-1\"  class=\"panel-grid-cell\" ><div id=\"panel-1037-1-1-0\" class=\"so-panel widget widget_sow-editor panel-first-child panel-last-child\" data-index=\"2\" ><div class=\"so-widget-sow-editor so-widget-sow-editor-base\"><h3 class=\"widget-title\">Automedicaci\u00f3n y su relaci\u00f3n con las complicaciones de la salud de los habitantes del \u00e1rea rural de la zona oriental de El Salvador<\/h3>\n<div class=\"siteorigin-widget-tinymce textwidget\">\n\t<p><iframe width=\"560\" height=\"315\" src=\"https:\/\/www.youtube.com\/embed\/K3YdwRSE6h8\" title=\"YouTube video player\" frameborder=\"0\" allow=\"accelerometer; autoplay; clipboard-write; encrypted-media; gyroscope; picture-in-picture; web-share\" allowfullscreen><\/iframe><\/p>\n<p style=\"text-align: center;\"><strong>Ponente: <\/strong>Lic. F\u00e1tima Berm\u00fadez<\/p>\n<\/div>\n<\/div><\/div><\/div><\/div><\/div>","protected":false},"excerpt":{"rendered":"<p>Ponente: Ponentes: Dra. Brenda Nathaly Alfaro Ortiz, Dra. Carmela Donis Romero de Cea Ponente: Lic. Ren\u00e9 Chac\u00f3n Andrade Ponente: Lic. F\u00e1tima Berm\u00fadez<\/p>\n","protected":false},"author":1,"featured_media":0,"parent":0,"menu_order":0,"comment_status":"open","ping_status":"closed","template":"","meta":[],"yoast_head":"<!-- This site is optimized with the Yoast SEO plugin v15.6.2 - https:\/\/yoast.com\/wordpress\/plugins\/seo\/ -->\n<title>P\u00d3STER CIENTIFICO 2024 - Blog UEES- Poster Cient\u00edfico<\/title>\n<meta name=\"robots\" content=\"index, follow, max-snippet:-1, max-image-preview:large, max-video-preview:-1\" \/>\n<link rel=\"canonical\" href=\"http:\/\/blog.uees.edu.sv\/\" \/>\n<meta property=\"og:locale\" content=\"es_ES\" \/>\n<meta property=\"og:type\" content=\"article\" \/>\n<meta property=\"og:title\" content=\"P\u00d3STER CIENTIFICO 2024 - Blog UEES- Poster Cient\u00edfico\" \/>\n<meta property=\"og:description\" content=\"Ponente: Ponentes: Dra. Brenda Nathaly Alfaro Ortiz, Dra. Carmela Donis Romero de Cea Ponente: Lic. Ren\u00e9 Chac\u00f3n Andrade Ponente: Lic. F\u00e1tima Berm\u00fadez\" \/>\n<meta property=\"og:url\" content=\"http:\/\/blog.uees.edu.sv\/\" \/>\n<meta property=\"og:site_name\" content=\"Blog UEES- Poster Cient\u00edfico\" \/>\n<meta property=\"article:modified_time\" content=\"2024-06-26T19:36:21+00:00\" \/>\n<meta name=\"twitter:card\" content=\"summary_large_image\" \/>\n<meta name=\"twitter:label1\" content=\"Tiempo de lectura\">\n\t<meta name=\"twitter:data1\" content=\"1 minuto\">\n<script type=\"application\/ld+json\" class=\"yoast-schema-graph\">{\"@context\":\"https:\/\/schema.org\",\"@graph\":[{\"@type\":\"WebSite\",\"@id\":\"http:\/\/blog.uees.edu.sv\/#website\",\"url\":\"http:\/\/blog.uees.edu.sv\/\",\"name\":\"Blog UEES- Poster Cient\\u00edfico\",\"description\":\"\",\"potentialAction\":[{\"@type\":\"SearchAction\",\"target\":\"http:\/\/blog.uees.edu.sv\/?s={search_term_string}\",\"query-input\":\"required name=search_term_string\"}],\"inLanguage\":\"es\"},{\"@type\":\"WebPage\",\"@id\":\"http:\/\/blog.uees.edu.sv\/#webpage\",\"url\":\"http:\/\/blog.uees.edu.sv\/\",\"name\":\"P\\u00d3STER CIENTIFICO 2024 - Blog UEES- Poster Cient\\u00edfico\",\"isPartOf\":{\"@id\":\"http:\/\/blog.uees.edu.sv\/#website\"},\"datePublished\":\"2023-06-23T17:46:09+00:00\",\"dateModified\":\"2024-06-26T19:36:21+00:00\",\"inLanguage\":\"es\",\"potentialAction\":[{\"@type\":\"ReadAction\",\"target\":[\"http:\/\/blog.uees.edu.sv\/\"]}]}]}<\/script>\n<!-- \/ Yoast SEO plugin. -->","_links":{"self":[{"href":"http:\/\/blog.uees.edu.sv\/index.php\/wp-json\/wp\/v2\/pages\/1037"}],"collection":[{"href":"http:\/\/blog.uees.edu.sv\/index.php\/wp-json\/wp\/v2\/pages"}],"about":[{"href":"http:\/\/blog.uees.edu.sv\/index.php\/wp-json\/wp\/v2\/types\/page"}],"author":[{"embeddable":true,"href":"http:\/\/blog.uees.edu.sv\/index.php\/wp-json\/wp\/v2\/users\/1"}],"replies":[{"embeddable":true,"href":"http:\/\/blog.uees.edu.sv\/index.php\/wp-json\/wp\/v2\/comments?post=1037"}],"version-history":[{"count":16,"href":"http:\/\/blog.uees.edu.sv\/index.php\/wp-json\/wp\/v2\/pages\/1037\/revisions"}],"predecessor-version":[{"id":1432,"href":"http:\/\/blog.uees.edu.sv\/index.php\/wp-json\/wp\/v2\/pages\/1037\/revisions\/1432"}],"wp:attachment":[{"href":"http:\/\/blog.uees.edu.sv\/index.php\/wp-json\/wp\/v2\/media?parent=1037"}],"curies":[{"name":"wp","href":"https:\/\/api.w.org\/{rel}","templated":true}]}}